{"id":12,"date":"2017-01-31T19:02:37","date_gmt":"2017-01-31T19:02:37","guid":{"rendered":"http:\/\/wp.feuerwehr-burgberg.de\/?page_id=12"},"modified":"2021-07-25T09:13:29","modified_gmt":"2021-07-25T08:13:29","slug":"fahrzeug","status":"publish","type":"page","link":"https:\/\/feuerwehr-burgberg.de\/?page_id=12","title":{"rendered":"Fahrzeug"},"content":{"rendered":"<div class=\"content einweihung\"><strong>Fahrzeugdetails -TSF-W (KTLF nach erweiterter Norm)<\/strong><\/div>\n<div id=\"detailsContainer\" class=\"content details\">\n<p>Fahrgestell: Fa. MAN LE8-140<\/p>\n<p>Aufbau<\/p>\n<p>Fa. Schmitz TSF-W<\/p>\n<p><img loading=\"lazy\" decoding=\"async\" class=\"alignnone size-medium wp-image-122\" src=\"https:\/\/feuerwehr-burgberg.de\/wp-content\/uploads\/2020\/02\/fb2003_front.gif\" alt=\"\" width=\"300\" height=\"225\" \/>\u00a0<img loading=\"lazy\" decoding=\"async\" class=\"alignnone size-medium wp-image-123\" src=\"https:\/\/feuerwehr-burgberg.de\/wp-content\/uploads\/2020\/02\/fb2003_heck.gif\" alt=\"\" width=\"300\" height=\"225\" \/><\/p>\n<p>&#8211; 750L Wassertank (elt.F\u00fcllstandsregulierung)<\/p>\n<p>&#8211; Festeinbaupumpe 6\/8 \u00fcber Nebenantrieb<\/p>\n<p>&#8211; TS8\/8 Magirus<\/p>\n<p>&#8211; ClassA Schaum als Schnellangriff<\/p>\n<p>&#8211; 2Hohlstrahlrohre(AWG)<\/p>\n<p>&#8211; Stromaggregat 8kVA<\/p>\n<p>&#8211; Atemschutz im Mannschaftsraum entg.Fahrtrichtung<\/p>\n<p>&#8211; Ladestationen f\u00fcr Funk und Handlampen<\/p>\n<p>&#8211; Blitzer(Tellerminen)<\/p>\n<p>somit absolute Bauh\u00f6he 2,73m<\/p>\n<p>G1: SaugschlauchB, Abgasschl\u00e4uche, Krankentrage, R\u00e4ummulde, Leitkegel, Schnittschutz, Motors\u00e4ge, Beleuchtungssatz, Schlauchbr\u00fccken, \u00d6lbindemittel,<\/p>\n<p>Ger\u00e4teraum G2: Leinen, Atemschutzmasken, Verteiler,Werkzeugkiste,Strahlrohre, Schlauchtragek\u00f6rbe(5B+3C),<\/p>\n<p>Ger\u00e4teraum G3: Ersatztanks(Benzin), Ersatzflaschen(4Stck.), Feuerl\u00f6scher,K\u00fcbelspritze, Feuerwehraxt, Brechstange, Schachthaken<\/p>\n<p>Ger\u00e4teraum G4: Schnellangriff 30m+Hohlstrahlrohr, Besen,SchaufelinSchublade, Schaummittel f\u00fcr ClassA, Atemschutzger\u00e4te 3+4<\/p>\n<p><img loading=\"lazy\" decoding=\"async\" class=\"size-full wp-image-136 aligncenter\" src=\"https:\/\/feuerwehr-burgberg.de\/wp-content\/uploads\/2020\/02\/gr_zu.gif\" alt=\"\" width=\"280\" height=\"210\" \/><\/p>\n<p>Am Ende mit gro\u00dfer Klappe<\/p>\n<p>Beim Aufbau wurde aus sicherheitsrelevanten Gr\u00fcnden, vollst\u00e4ndig auf eine Dachbeladung verzichtet. Somit ist auch keine Leiter erforderlich und die gesamte Heckbreite kann genutzt werden.<\/p>\n<p>Im GR befindet sich:<\/p>\n<p>&#8211; vierteiligeSteckleiter<\/p>\n<p>&#8211; vierSaugschl\u00e4ucheA<\/p>\n<p>&#8211; Saugmaterial(Leinen,Saugkorb,&#8230;)<\/p>\n<p>&#8211; Stromerzeuger8kVAaufSchlitten<\/p>\n<p>&#8211; TS8\/8Magirus(74PS, F\u00f6rdermenge: 800l Wasserbei 8Bar)<\/p>\n<p>&#8211; PumpenbedienstandderFP6\/8<\/p>\n<p>&#8211; Schnellangriff () Class-A Schaum<\/p>\n<p>&#8211; AWG-Hohlstrahlrohr und C-Tragekorb ()2*20m)<\/p>\n<\/div>\n<div id=\"presseContainer\" class=\"content presse\">\n<p><strong>Presse:<\/strong><\/p>\n<p>Alter Opel Blitz wird ersetzt Neues L\u00f6schfahrzeug \/ Offizielle \u00dcbergabe \/ Tag der Feuerwehr am Sonntag in Burgberg<\/p>\n<p>K\u00f6nigsfeld-Burgberg.<\/p>\n<p>Ein neues Tragkraftspritzenfahrzeug ersetzt den 32 Jahre alten Opel Blitz der Feuerwehr Burgberg. Nur noch f\u00fcr kurze Zeit besitzt die Feuerwehrabteilung Burgberg zwei L\u00f6schfahrzeuge. Der alte Opel Blitz blieb w\u00e4hrend der Umgew\u00f6hnungsphase als Zweitfahrzeug angemeldet und wird nach der offiziellen \u00dcbergabe des neuen Feuerwehrwagens am <strong>Sonntag, 12. Oktober<\/strong>, seinen Dienst beenden.<\/p>\n<p><img loading=\"lazy\" decoding=\"async\" class=\"size-medium wp-image-142 aligncenter\" src=\"https:\/\/feuerwehr-burgberg.de\/wp-content\/uploads\/2020\/02\/schwabo_bild.gif\" alt=\"\" width=\"300\" height=\"225\" \/><\/p>\n<p>Nicht nur die Finanzen sondern auch die Gr\u00f6\u00dfe des Ger\u00e4tehauses setzte den Rahmen der Neubeschaffung. Ein langer Weg f\u00fchrte jetzt zu einem neuen Tragkraftspritzenfahrzeug (TSF-W) mit einem 750 Liter fassenden Wassertank. Die Ausschreibung mit den genauen Fahrzeugdaten, L\u00f6schmitteln und Ger\u00e4tschaften wurde von der Burgberger Wehr in Zusammenarbeit mit Gesamtkommandant Erich Dieterle ausgearbeitet.<\/p>\n<p>Das L\u00f6schfahrzeug ist mit einer Schnellangriffsleitung, dem neuen L\u00f6schsystem &#8222;Class-A-Schaum&#8220; und einem Stromaggregat mit Beleuchtungssatz ausgestattet.<\/p>\n<p>Gro\u00dfen Wert legte die Wehr auf die gro\u00dfe Fahrerkabine, in der sich der Angriffstrupp w\u00e4hrend der Fahrt mit Atemschutzger\u00e4ten ausr\u00fcsten kann. Um diese Sonderausstattung zu erm\u00f6glichen, haben die Burgberger Floriansj\u00fcnger 4000 Euro aus der Kameradschaftskasse beigesteuert.<\/p>\n<p>Am Sonntag wird an einem &#8222;Tag der Feuerwehr&#8220; das neue Fahrzeug seiner Bestimmung \u00fcbergeben. Beginn ist um 10.45 Uhr an der Grundschule in Burgberg. Nach dem Mittagessen zeigt die Jugendfeuerwehr, welche in diesem Jahr ihr 35-j\u00e4hriges Bestehen feiert, eine \u00dcbung mit dem Titel &#8222;L\u00f6schen vor 100 Jahren&#8220;.<\/p>\n<p>Was das neue L\u00f6schfahrzeug alles kann wird in einer Schau\u00fcbung pr\u00e4sentiert. F\u00fcr die Unterhaltung der kleinen G\u00e4ste sorgt eine Spielstra\u00dfe. Musikalisch werden die Feierlichkeiten vom Spielmannszug der Feuerwehr und &#8222;Brass-Vibration&#8220; umrahmt.<\/p>\n<p><strong>\u00a9 Schwarzw\u00e4lder Bote; <\/strong><\/p>\n<p><strong>Feuerwehr jetzt modern ausgestattet:<\/strong><\/p>\n<p>Alter &#8222;Opel Blitz&#8220; hat nach 32 Jahren endg\u00fcltig ausgedient &#8211; \u00dcbergabe des neuen Fahrzeugs in Burgberg am Sonntag K\u00f6nigsfeld<\/p>\n<p><img loading=\"lazy\" decoding=\"async\" class=\"size-medium wp-image-143 aligncenter\" src=\"https:\/\/feuerwehr-burgberg.de\/wp-content\/uploads\/2020\/02\/sk_artikel_1.jpg\" alt=\"\" width=\"300\" height=\"159\" \/><\/p>\n<p>Noch stehen sie eintr\u00e4chtig beisammen: links der 32 Jahre alte Opel Blitz, rechts das neue moderne L\u00f6schfahrzeug der Feuerwehr Burgberg. Ab Sonntag ist der Oldie ausgemustert, der &#8222;Neue&#8220; wird offiziell in Dienst gestellt. Bild: privat K\u00f6nigsfeld<\/p>\n<p>Nur noch f\u00fcr kurze Zeit besitzt Burgberg zwei L\u00f6schfahrzeuge. Das 32 Jahre alte L\u00f6schfahrzeug blieb w\u00e4hrend der Umgew\u00f6hnungsphase auf das neue Feuerwehrfahrzeug als &#8222;Zweitwagen&#8220; angemeldet und wird nach der offiziellen \u00dcbergabe am kommenden Sonntag, 12. Oktober, &#8222;seinen Dienst beenden&#8220;. Nicht nur die Finanzen sondern auch die Gr\u00f6\u00dfe des Ger\u00e4tehauses setzte den Rahmen f\u00fcr das neue Fahrzeug. Ein langer Weg f\u00fchrte jetzt zu einem neuen Tragkraftspritzenfahrzeug (TSF-W) mit einem 750 Liter Wassertank. Die Ausschreibung mit den genauen Fahrzeugdaten und L\u00f6schmitteln und Ger\u00e4tschaften wurde von der Burgberger Wehr in guter Zusammenarbeit mit Gesamtkommandant Erich Dieterle selbst ausgearbeitet. Das von der Firma Schmitz auf einem MAN &#8211; Fahrgestell aufgebaute L\u00f6schfahrzeug ist mit einer Schnellangriffsleitung, dem neuen L\u00f6schsystem &#8222;Class-A-Schaum&#8220; und einem Stromaggregat mit Beleuchtungssatz ausgestattet. Gro\u00dfen Wert legt die Wehr auf die gro\u00dfe Fahrerkabine, in der sich der Angriffstrupp w\u00e4hrend der Fahrt mit Atemschutzger\u00e4ten ausr\u00fcsten kann. Um diese Sonderausstattung zu erm\u00f6glichen haben die Burgberger Floriansj\u00fcnger 4000 Euro aus der Kameradschaftskasse beigesteuert. Am Sonntag wird an einem &#8222;Tag der Feuerwehr&#8220; das neue Fahrzeug offiziell seiner Bestimmung \u00fcbergeben. Die Feierlichkeiten beginnen um 10.45 Uhr an der Grundschule in Burgberg. Zum Mittagessen wartet die Feuerwehr mit allerlei Leckereien auf. Am Nachmittag zeigt die Jugendfeuerwehr, welche in diesem Jahr ihr 35-j\u00e4hriges Bestehen feiert, eine \u00dcbung mit dem Titel &#8222;L\u00f6schen vor 100 Jahren&#8220;. Was das neue L\u00f6schfahrzeug alles kann wird in einer weiteren Schau\u00fcbung pr\u00e4sentiert werden. F\u00fcr die Unterhaltung der kleinen G\u00e4ste sorgt eine Spielstra\u00dfe der Jugendfeuerwehr. Musikalisch werden die Feierlichkeiten vom Spielmannszug der Feuerwehr Burgberg und der &#8222;Brass &#8211; Vibration&#8220; &#8211; Big Band umrahmt.<\/p>\n<p>13.10.2003 06:12 Ein Wochenende, zwei Gr\u00fcnde zum Feiern Viele geladene G\u00e4ste zur Einweihung des neuen L\u00f6schfahrzeugs &#8211; Runder Geburtstag der Jugendfeuerwehr Burgberg<\/p>\n<p><img loading=\"lazy\" decoding=\"async\" class=\"size-medium wp-image-144 aligncenter\" src=\"https:\/\/feuerwehr-burgberg.de\/wp-content\/uploads\/2020\/02\/sk_artikel_2.jpg\" alt=\"\" width=\"300\" height=\"245\" \/><\/p>\n<p>Offiziell in den Dienst gestellt wurde gestern Vormittag das neue L\u00f6schfahrzeug der Burgberger Feuerwehr. G\u00e4ste waren neben Pfarrerin Christina Holtzhausen auch B\u00fcrgermeister Fritz Link (im Bild). Bild: Anke Fleig &#8211; Burgberg<\/p>\n<p>(asf) Gleich zweifachen Grund zum Feiern hatte die Feuerwehr Burgberg am gestrigen Sonntag: die offizielle \u00dcbergabe des neuen Feuerwehrfahrzeugs und der 35. Geburtstag der Burgberger Jugendfeuerwehr wurden mit zahlreich geladenen G\u00e4sten ausgiebig gefeiert. Auf dem Schulhof der Grundschule stand das neue L\u00f6schfahrzeug, das zwar schon Ende Juli in Burgberg ankam, aber jetzt offiziell in den Dienst gestellt werden konnte. Eine lange und m\u00fchevolle Zeit der Beschaffung konnte nun beendet werden, so betonte B\u00fcrgermeister Fritz Link in seiner Ansprache. Dass die Feuerwehr das notwendige Fahrzeug bekam, war aufgrund knapper Haushaltskassen mit vielen M\u00fchen verbunden. Zum guten Schluss kam der Gesamtbetrag in H\u00f6he von rund 123000 Euro dann doch zusammen. Dabei hatte das Land Zusch\u00fcsse von insgesamt rund 80000 Euro bewilligt, die Gemeinde K\u00f6nigsfeldselbst musste noch 35000 Euro zahlen und die Burgberger Floriansj\u00fcnger hatten ebenfalls 4000 Euro beigetragen. Als \u00e4lteste und lebendigste B\u00fcrgerinitiative der Gemeinde w\u00fcrdigte B\u00fcrgermeister Link die Verdienste der Feuerwehr, die oftmals Leib und Leben riskierten und damit einen wertvollen Dienst am N\u00e4chsten tun. Einen Blick in die Historie, wie fr\u00fcher Br\u00e4nden zu Leibe ger\u00fcckt wurde und wie lange es vergleichsweise dauerte, bis die Feuerwehrspritze erfunden wurde, warf Pfarrerin Christina Holtzhausen. Sie segnete anschlie\u00dfend Fahrzeug und Feuerwehrm\u00e4nner und w\u00fcnschte allzeit gute Fahrt. Gru\u00dfworte \u00fcberbrachte ferner Kreisbrandmeister Manfred Bau. Der Abteilungskommandant der Burgberger Wehr, Alfred Hettich, freute sich, so viele Feuerwehrkameraden aus nah und fern begr\u00fc\u00dfen zu d\u00fcrfen. Auch die befreundete Partnerfeuerwehr aus Jenesien in S\u00fcdtirol hat das Wochenende bei den Burgbergern verbracht und mitgefeiert. Musikalisch umrahmt wurde die Feierlichkeit, bei der ganz Burgberg auf den Beinen zu sein schien, vom Spielmannszug unter der Leitung von Kay Zwick. Da zeitgleich das 35-j\u00e4hrige Bestehen der Jugendfeuerwehr gefeiert wurde, blickte Jugendwart Axel Lemke auf die fast vier Jahrzehnte zur\u00fcck. Gegr\u00fcndet wurde die Jugendfeuerwehr 1968 mit damals 12 Mitgliedern. Die Ausrichtung des Kreiszeltlagers im Jahr 1993 und beeindruckende Fahrten nach S\u00fcdtirol geh\u00f6rten zu den H\u00f6hepunkten. Ferner auch die Tatsache, dass seit 1995 die ersten vier M\u00e4dchen zur Jugendwehr stie\u00dfen. Heute ist die Jugend mit zw\u00f6lf Jungs und sieben M\u00e4dchen l\u00e4ngst nicht mehr nur &#8222;reine M\u00e4nnersache&#8220;. Das neue Fahrzeug, das anschlie\u00dfend wie aus dem Ei gepellt pr\u00e4sentiert wurde, entspricht den modernsten technischen Standards, beinhaltet einen 750 Liter fassenden L\u00f6schwassertank und bietet Platz f\u00fcr sechs Feuerwehrm\u00e4nner. Nachdem das altersschwache Fahrzeug nun ausgedient hat und die Floriansj\u00fcnger bereits kr\u00e4ftig am neuen Fahrzeug ge\u00fcbt haben, steht den Eins\u00e4tzen, von denen es &#8222;hoffentlich wenige geben wird&#8220; wie Alfred Hettich betonte, nichts mehr im Wege. \u00dcbung mit Ger\u00e4ten wie vor 100 Jahren Feuerwehr Burgberg feiert offizielle \u00dcbergabe des neuen Fahrzeugs \/ R\u00fcckschau auf 35 Jahre Jugendfeuerwehr K\u00f6nigsfeld-Burgberg. Die freiwillige Feuerwehr Burgberg feierte die offizielle \u00dcbergabe des neuen Fahrzeugs. Feuerwehrleute aus nah und fern waren zu Gast. Abteilungskommandant Alfred Hettich freute sich \u00fcber so viel Zuspruch zu dem Fest, galt es doch das neue Fahrzeug einzuweihen und R\u00fcckschau auf 35 Jahre Jugendfeuerwehr Burgberg zu halten.<\/p>\n<p>Bis zur endg\u00fcltigen Beschaffung des neuen Fahrzeuges war ein langer Weg zu bestreiten, wie Ausarbeiten von Angeboten, Bewilligung durch den Gemeinderat und Zusch\u00fcsse des Landes. Hier setzte sich auch Karin Bader von der Gemeindeverwaltung ein. Nun kann der \u00fcber 30 Jahre alte Opel Blitz ausgemustert werden. B\u00fcrgermeister Fritz Link lobte die Wehrm\u00e4nner f\u00fcr ihr ehrenamtliches Engagement. Die Arbeiten der Feuerwehrleute sind mittlerweile verschiedenster Art. So bedarf es modernster Technik um allem gerecht zu werden. Sein besonderes Lob galt der Burgberger Wehr, welche sich mit 4000 Euro aus der Kameradschaftskasse an den Anschaffungskosten beteiligte.<\/p>\n<p>In den Gru\u00dfworten von Kreisbrandmeister Manfred Bau, Gesamtkommandant Erich Dieterle, Kreisjugendwart Manfred Karrer und Ortsvorsteher Adolf M\u00fcller kam die Freude \u00fcber das neue Fahrzeug zum Ausdruck. Alle w\u00fcnschten eine gute Probenarbeit und wenig Eins\u00e4tze. Dem schlossen sich auch die Feuerwehrkameraden aus Kiechlingsbergen und Jenesien in S\u00fcdtirol an.Pfarrerin Christine Holtzhausen weihte das neue Fahrzeug. Die Jugendfeuerwehr zeigte am Nachmittag eine Schau\u00fcbung mit Ger\u00e4ten wie vor 100 Jahren. Seit nunmehr 35 Jahren besteht diese Abteilung. Jugendwart Axel Lemke zeigte ein kurzes Res\u00fcmee der vergangenen Jahre auf. Ein Besuch in S\u00fcdtirol z\u00e4hlte zu den H\u00f6hepunkten. Die Zeltlager des Kreises dienten zur Pflege der Kameradschaft. Aber auch die regelm\u00e4\u00dfige Feuerwehrarbeit wurde nicht vernachl\u00e4ssigt. Hierzu geh\u00f6rten die Pr\u00fcfungen zur Leistungsspange. F\u00fcr die musikalische Unterhaltung sorgte der Spielmannszug Burgberg unter der Leitung von Kay Zwick und die &#8222;Brass Vibration&#8220;.<\/p>\n<p>Von Artikel in Bild und Schrift mit freundlicher Genehmigung der Presse (S\u00fcdkurier &amp; Schwarzw\u00e4lder Bote)<\/p>\n<\/div>\n","protected":false},"excerpt":{"rendered":"<p>Fahrzeugdetails -TSF-W (KTLF nach erweiterter Norm) Fahrgestell: Fa. MAN LE8-140 Aufbau Fa. Schmitz TSF-W \u00a0 &#8211; 750L Wassertank (elt.F\u00fcllstandsregulierung) &#8211; Festeinbaupumpe 6\/8 \u00fcber Nebenantrieb &#8211; TS8\/8 Magirus &#8211; ClassA Schaum als Schnellangriff &#8211; 2Hohlstrahlrohre(AWG) &#8211; Stromaggregat 8kVA &#8211; Atemschutz im<\/p>\n","protected":false},"author":1,"featured_media":0,"parent":0,"menu_order":0,"comment_status":"closed","ping_status":"closed","template":"","meta":{"footnotes":""},"class_list":["post-12","page","type-page","status-publish","hentry"],"_links":{"self":[{"href":"https:\/\/feuerwehr-burgberg.de\/index.php?rest_route=\/wp\/v2\/pages\/12","targetHints":{"allow":["GET"]}}],"collection":[{"href":"https:\/\/feuerwehr-burgberg.de\/index.php?rest_route=\/wp\/v2\/pages"}],"about":[{"href":"https:\/\/feuerwehr-burgberg.de\/index.php?rest_route=\/wp\/v2\/types\/page"}],"author":[{"embeddable":true,"href":"https:\/\/feuerwehr-burgberg.de\/index.php?rest_route=\/wp\/v2\/users\/1"}],"replies":[{"embeddable":true,"href":"https:\/\/feuerwehr-burgberg.de\/index.php?rest_route=%2Fwp%2Fv2%2Fcomments&post=12"}],"version-history":[{"count":7,"href":"https:\/\/feuerwehr-burgberg.de\/index.php?rest_route=\/wp\/v2\/pages\/12\/revisions"}],"predecessor-version":[{"id":595,"href":"https:\/\/feuerwehr-burgberg.de\/index.php?rest_route=\/wp\/v2\/pages\/12\/revisions\/595"}],"wp:attachment":[{"href":"https:\/\/feuerwehr-burgberg.de\/index.php?rest_route=%2Fwp%2Fv2%2Fmedia&parent=12"}],"curies":[{"name":"wp","href":"https:\/\/api.w.org\/{rel}","templated":true}]}}