{"id":389,"date":"2019-02-24T20:01:32","date_gmt":"2019-02-24T20:01:32","guid":{"rendered":"http:\/\/feuerwehr-burgberg.de\/?page_id=389"},"modified":"2020-03-08T11:40:18","modified_gmt":"2020-03-08T10:40:18","slug":"chronik-jugendfeuerwehr","status":"publish","type":"page","link":"https:\/\/feuerwehr-burgberg.de\/?page_id=389","title":{"rendered":"Chronik &#8211; Jugendfeuerwehr"},"content":{"rendered":"\n<p>Seit dem 50-j\u00e4hrigen Jubil\u00e4um im Jahre 1951 hat sich die Freiwillige Feuerwehr Burgberg st\u00e4ndig bem\u00fcht, den Kontakt mit der Jugend im Ort zu pflegen. Im Jahre 1968 konnte schlie\u00dflich die Jugendfeuerwehr gegr\u00fcndet werden, die anf\u00e4nglich aus 12 jungen Burschen bestand.<br><br>Der erste Jugendfeuerwehrwart in Burgberg hie\u00df Fritz Schwarzw\u00e4lder. Unter ihm wurden regelm\u00e4\u00dfige Proben abgehalten. Aber auch Freizeitgestaltungen wie Tischtennis, Schwimmen, Kegeln, Wandern sowie gemeinsamer Urlaub geh\u00f6rten von Anfang an zu den Aktivit\u00e4ten der Jugendfeuerwehr.<br><br>Schon im folgenden Jahr wurde die Jugendfeuerwehr Burgberg erstmals zu einem Freundschaftstreffen &#8211; gemeinsam mit anderen Jugendfeuerwehren des Kreises &#8211; in die Tschechoslowakei eingeladen. F\u00fcnf Jungs nahmen zusammen mit Jugendwart Fritz Schwarzw\u00e4lder vom 24.07. bis 03.08.1969 an diesem Treffen teil.<br><br>Hohen Besuch hatte die Jugendfeuerwehr am 20.06.1971 anl\u00e4sslich des Kreisjugendfeuerwehrtages. Der Pr\u00e4sident der Europ\u00e4ischen Feuerwehren Herr Hollaubeck aus Wien, der Pr\u00e4sident des Deutschen Feuerwehrverbandes Herr Albert B\u00fcrger aus Rottweil sowie der Bundesjugendleiter und Kreisbrandmeister Kurt Hog besuchten die zahlreichen Jugendfeuerwehrleute und Feuerwehrm\u00e4nner, die an diesem Tag nach Burgberg gekommen waren.<br><br>Da bisher kein geeigneter Raum den Jugendfeuerwehrleuten zur Verf\u00fcgung stand, beschloss man bei der Generalversammlung der Jugendfeuerwehr am 16.01.1972, in Eigenarbeit einen Raum im alten Schulhaus, den die Gemeinde dankenswerterweise der Jugendfeuerwehr zur Verf\u00fcgung stellte, auszubauen. Am 03.09.1972 wurde dieser sogenannte Jugendraum im Rahmen eines kleinen Sommerfestes von Emil Maier feierlich eingeweiht.<br><br>In der Zeit vom 29.06. bis 01.07.1979 feierte die Jugendfeuerwehr Burgberg ihr 10-j\u00e4hriges Bestehen im Rahmen eines 4-t\u00e4gigen Jubil\u00e4umsfestes. In Verbindung mit dem Jubil\u00e4um stand auch der Kreisjugendfeuerwehrtag, der am Samstagnachmittag in der Turnhalle abgehalten wurde. Am Sonntag kamen viele Spielmanns- und Fanfarenz\u00fcge aus nah und fern, die zur Unterhaltung beitrugen. Am Montag klang das Fest mit Kindernachmittag und Tanzabend aus.<br><br>Am 18.02.1981 konnten wir zum ersten Mal drei Jugendfeuerwehrleute aus Erdmannsweiler in unseren Reihen begr\u00fc\u00dfen. Bis heute sind die Kameraden aus Erdmannsweiler eine gute Verst\u00e4rkung f\u00fcr unsere Jugendfeuerwehr.<br><br>Anfang des Jahres 1983 beschlossen die Jugendfeuerwehren des Kreises, einen eigenen Aufkleber herauszubringen. Es wurde eine Ausschreibung gestartet, an der sich jede Jugendfeuerwehr mit einem eigenen Entwurf beteiligen konnte. Unser Entwurf wurde von der Jury als sehr gut bewertet und so konnten wir 50,00 DM f\u00fcr den 1. Preis auf unser Konto verbuchen. Ein weiterer H\u00f6hepunkt in der Geschichte der Jugendfeuerwehr Burgberg war sicherlich die Fahrt nach S\u00fcdtirol vom 18.07. bis 27.07.1987. Ein 9-t\u00e4giger Urlaub mit der Partnerjugendwehr aus Jenesien lag vor der jungen Gruppe. Gemeinsam unternahm man in den ersten 7 Tagen in San Lugano z. B. Wanderungen auf die Krabes Alm, auf den Gletscherberg Marmolata sowie nach Stava. In dieser Zeit besuchte uns auch der dortige Landesjugendfeuerwehrwart Alois Oberkofler. Nach 7 Tagen in San Lugano wurde noch f\u00fcr zwei weitere Tage nach Jenesien eingeladen. Der Aufenthalt in S\u00fcdtirol war ein gelungenes Ereignis, das bei allen Beteiligten noch lange in Erinnerung bleiben wird.Im Jahre 1990 \u00fcbernahm Axel Lemcke die Leitung der Jugendfeuerwehr Burgberg. Er l\u00f6ste Alfred Hettich nach langj\u00e4hriger T\u00e4tigkeit ab. Mit zu den beliebtesten Veranstaltungen, die die Jugendfeuerwehr besucht, geh\u00f6ren die j\u00e4hrlichen Kreiszeltlager, die stets in verschiedenen Orten der Kreisjugendfeuerwehren stattfinden. So bereitete es uns gro\u00dfe Freude, dass wir anl\u00e4sslich des 25-j\u00e4hrigen Jubil\u00e4ums der Jugendfeuerwehr Burgberg im Jahr 1993 das Kreiszeltlager ausrichten durften. In Weiler auf dem Sportplatzgel\u00e4nde kamen am Wochenende vom 18.06. bis 20.06.1993 \u00fcber 340 Teilnehmer zusammen, um Wettk\u00e4mpfe und Spiele durchzuf\u00fchren. Von zahlreichen Jugendfeuerwehren wurde best\u00e4tigt, dass dieses Zeltlager besonders sch\u00f6n war. <br><br>Oft sprach man noch vom Besuch bei der Partnerjugendwehr in Jenesien. So fuhr man 1995 vom 04.07. bis 08.07. mit der aktiven Wehr nochmals nach S\u00fcdtirol. Auch dieser Aufenthalt war wieder ein gelungenes Ereignis, an dem alle Beteiligten viel Freude hatten. Wie in jedem Jahr fuhr die Jugendfeuerwehr auch 1996 wieder zu einem Zeltlager.<br>Hier konnten die Jungs beim neugestalteten Bundeswettkampf den sehr guten 2. Platz erringen, \u00fcber den sie sich besonders freuten. <br>Ein weiterer H\u00f6hepunkt im Jahr 1996 war sicherlich die Aufnahme des 1. M\u00e4dchens in der Jugendfeuerwehr. Im Laufe der Zeit sollten noch weitere M\u00e4dchen die Gruppe verst\u00e4rken. <br>1997 konnte unsere Jugendfeuerwehr den H\u00f6chststand an Mitgliedern verzeichnen. 17 Jungs und mittlerweile schon 4 M\u00e4dchen besuchten regelm\u00e4\u00dfig die Gruppenabende und nahmen an zahlreichen Veranstaltungen teil. Mit so einer Mannschaft war es dann auch leichte Sache, das Jugendfeuerwehrfest im Sommer 1997<br>auszurichten. Befreundete Jugendfeuerwehren sowie die Einwohner wurden eingeladen, sich das L\u00f6schen eines selbst gebastelten Hauses mit einer alten Spritze von 1901 im Rahmen einer Schau\u00fcbung anzusehen. <br>Das Fr\u00fchjahr 1999 war recht anstrengend f\u00fcr die Jugendfeuerwehrleute. Jeden Donnerstagabend wurde flei\u00dfig f\u00fcr die Leistungsspange trainiert. Die<br>M\u00fche hatte sich aber gelohnt, konnte doch eine gesamte Gruppe beim Kreiszeltlager in Donaueschingen in der Zeit vom 02.06. bis 06.06. die Leistungsspange erfolgreich ablegen.<br>Zu den zahlreichen Programmpunkten der Jugendfeuerwehr geh\u00f6rte in den vergangenen Jahren selbstverst\u00e4ndlich auch die Mitwirkung an den j\u00e4hrlichen Hauptproben der aktiven Wehr. <br>Besonders hervorheben m\u00f6chten wir noch, dass die meisten Jugendfeuerwehrleute nach Abschluss der Jugendfeuerwehrzeit mit 18 Jahren in die aktive Wehr \u00fcbernommen werden konnten. Das Interesse an feuerwehrtechnischer Ausbildung<br>ist bei den jungen Leuten gro\u00df und so bereit es ihnen viel Freude, ihr Wissen sp\u00e4ter in der aktiven Wehr einzusetzen. <br>In der bereits 33-j\u00e4hrigen Geschichte der Jugendfeuerwehr Burgberg leiteten bis heute insgesamt 5 stets engagierte Jugendwarte die Gruppen.<\/p>\n<p>Es waren:<br><strong>Fritz Schwarzw\u00e4lder<\/strong> von 1968 &#8211; 1970<br><strong>Manfred Grie\u00dfhaber<\/strong> von 1971 &#8211; 1972<br><strong>Karl-Heinz Kubas<\/strong> von 1973 &#8211; 1975<br><strong>Alfred Hettich<\/strong> von 1976 &#8211; 1987<br>nach kurzer Unterbrechung von 1988 &#8211; 1989 kommissarisch <br><strong>Axel Lemcke<\/strong> von 1990 bis 2010<br><strong>Fabian Vogler<\/strong> von 2010 bis 2012<br><strong>Markus J\u00e4ckle <\/strong>von 2012 bis 2020<br><strong>Martin Schwarzw\u00e4lder <\/strong>von 2020 bis heute<\/p>\n<p>Durch die Arbeit der Jugendfeuerwehr wird die aktive Wehr nunmehr seit vielen Jahren mit einem gut ausgebildeten Nachwuchs versorgt. Den jungen Menschen selbst wird eine sinnvolle Freizeitgestaltung geboten, die mit viel<br>Freude, Verantwortungsbewusstsein und Kameradschaft verbunden ist. Die Freiwillige Feuerwehr Burgberg freut sich, dass sie auf 33 erfolgreiche Jahre der Jugendfeuerwehr zur\u00fcckblicken kann und w\u00fcnscht sich und den jungen Leuten f\u00fcr die Zukunft ein langes Bestehen und weiterhin gute Zusammenarbeit.<\/p>\n","protected":false},"excerpt":{"rendered":"<p>Seit dem 50-j\u00e4hrigen Jubil\u00e4um im Jahre 1951 hat sich die Freiwillige Feuerwehr Burgberg st\u00e4ndig bem\u00fcht, den Kontakt mit der Jugend im Ort zu pflegen. Im Jahre 1968 konnte schlie\u00dflich die Jugendfeuerwehr gegr\u00fcndet werden, die anf\u00e4nglich aus 12 jungen Burschen bestand.<\/p>\n","protected":false},"author":1,"featured_media":0,"parent":0,"menu_order":0,"comment_status":"closed","ping_status":"closed","template":"","meta":{"footnotes":""},"class_list":["post-389","page","type-page","status-publish","hentry"],"_links":{"self":[{"href":"https:\/\/feuerwehr-burgberg.de\/index.php?rest_route=\/wp\/v2\/pages\/389","targetHints":{"allow":["GET"]}}],"collection":[{"href":"https:\/\/feuerwehr-burgberg.de\/index.php?rest_route=\/wp\/v2\/pages"}],"about":[{"href":"https:\/\/feuerwehr-burgberg.de\/index.php?rest_route=\/wp\/v2\/types\/page"}],"author":[{"embeddable":true,"href":"https:\/\/feuerwehr-burgberg.de\/index.php?rest_route=\/wp\/v2\/users\/1"}],"replies":[{"embeddable":true,"href":"https:\/\/feuerwehr-burgberg.de\/index.php?rest_route=%2Fwp%2Fv2%2Fcomments&post=389"}],"version-history":[{"count":2,"href":"https:\/\/feuerwehr-burgberg.de\/index.php?rest_route=\/wp\/v2\/pages\/389\/revisions"}],"predecessor-version":[{"id":580,"href":"https:\/\/feuerwehr-burgberg.de\/index.php?rest_route=\/wp\/v2\/pages\/389\/revisions\/580"}],"wp:attachment":[{"href":"https:\/\/feuerwehr-burgberg.de\/index.php?rest_route=%2Fwp%2Fv2%2Fmedia&parent=389"}],"curies":[{"name":"wp","href":"https:\/\/api.w.org\/{rel}","templated":true}]}}