{"id":391,"date":"2019-02-24T20:01:42","date_gmt":"2019-02-24T20:01:42","guid":{"rendered":"http:\/\/feuerwehr-burgberg.de\/?page_id=391"},"modified":"2020-02-19T21:17:21","modified_gmt":"2020-02-19T20:17:21","slug":"chronik-spielmannszug","status":"publish","type":"page","link":"https:\/\/feuerwehr-burgberg.de\/?page_id=391","title":{"rendered":"Chronik &#8211; Spielmannszug"},"content":{"rendered":"\n<p class=\"p1\"><span class=\"s1\"><b>Chronik von den Anf\u00e4ngen &#8230; bis heute!<\/b><\/span><\/p>\n<p class=\"p1\"><span class=\"s1\"><b>Gr\u00fcndung: <\/b><\/span><\/p>\n<p class=\"p1\"><span class=\"s1\">Es war im Jahr 1967, als der damalige Kommandant der Freiwilligen Feuerwehr Burgberg Emil Maier, den Spielmannszug \u00dcberauchen beim Festbankett, anl\u00e4sslich der 25-j\u00e4hrigen Jubil\u00e4ums der Nachbarwehr Erdmannweiler h\u00f6rte. Er muss sehr begeistert gewesen sein, denn noch am gleichen Abend diskutierte er zusammen mit seinem Stellvertreter, Hans-Werner Weisser, \u00fcber die Idee, auch ins Burgberg eine Feuerwehrkapelle oder etwas \u00e4hnliches ins Leben zu rufen.<br>Ein ganzes Jahr sollte ins Land ziehen, bis man sich f\u00fcr einen Spielmannszug entschlossen hatte und die organisatorischen Fragen gekl\u00e4rt waren.<\/span><\/p>\n<p class=\"p1\"><span class=\"s1\">Um Geld f\u00fcr die Instrumente zu beschaffen, wurde im Fr\u00fchjahr 1967 eine Altmaterialsammlung durchgef\u00fchrt. Der Erfolg war so gro\u00df, dass der Platz vor dem Ger\u00e4teschuppen in ein Altmateriallager verwandelt werden musste. Da die Feuerwehrm\u00e4nner mit ihren eigenen Fahrzeugen das Altmaterial nach Dei\u00dflingen gefahren hatten, konnten sie mit dem Erl\u00f6s sehr zufrieden sein. Am Ende dieser langen Aktion, hatte man das Geld f\u00fcr sechs Fl\u00f6ten und sechs Trommeln zusammen, die f\u00fcr die Buben der erst neugegr\u00fcndeten Jugendfeuerwehr bestimmt waren.<\/span><\/p>\n<p class=\"p1\"><span class=\"s1\">Doch dann gerieten die Pl\u00e4ne sehr bald ins Stocken, denn man hatte zwar die notwendigen Instrumente und die passenden Musikanten, es fehlte aber an einem Ausbilder, der Weit und Breit nicht zu sehen war. Weder der Kommandant, noch sein Stellvertreter, waren in der Lage die Jungs auszubilden. So landeten die neuen Instrumente im Ger\u00e4tehaus und der noch nicht ganz ins Leben gerufene Spielmannszug fiel in einen &#8222;Dornr\u00f6schenschlaf&#8220;, der ca. 12 Monate dauerte. Ein Jahr sp\u00e4ter, an der Generalversammlung der Freiwilligen Feuerwehr Burgberg 1970, wurde das fehlende Engagement und die Unt\u00e4tigkeit stark kritisiert. Auch der Kommandant und sein Stellvertreter gerieten ins Kreuzfeuer der Kritik. Aber es half nichts: es musste etwas passieren und es musste ein Ausbilder her. Nach langem Hin und Her, meldete sich Fritz Schwarzw\u00e4lder, der damalige Jugendwart der Jugendfeuerwehr, er war bereit, dem Spielmannszug auf die Beine zu helfen und vor allem einen Ausbilder zu finden.<\/span><\/p>\n<p class=\"p1\"><span class=\"s1\">Er konnte Klemens Sch\u00fctz aus Obereschach als Ausbilder begeistern, der gerne diese Aufgabe \u00fcbernahm. Mit Fritz Schwarzw\u00e4lder und Adolf M\u00fcller, begann er im Sommer 1970 mit den Jugendlichen einmal pro Woche zu \u00fcben. Im folgenden Jahr, dem Gr\u00fcndungsjahr 1971 machte der Spielmannszug zwar gro\u00dfe Fortschritte, dennoch verzichtete die Mannschaft auf offizielle Auftritte. Doch die Zeit sollte kommen, denn am 8. Januar 1972 stand die Generalversammlung und der erste Auftritt des jungen Spielmannszugs auf dem Plan. Dieser umrahmte die Versammlung und spielte sich wohl direkt in die Herzen der Zuh\u00f6rer. Der viele Beifall zeigte den Musikern, dass sich ihre Arbeit und M\u00fche gelohnt hatte, neu motiviert startete man nun in das musikalische Jahr. Zun\u00e4chst folgten kleinere Feste und einige Geburtstagsst\u00e4ndchen, doch im Sommer sollte der Spielmannszug beim Kreisfeuerwehrtag in M\u00f6nchweiler auftreten. Dieser wichtige Auftritt l\u00f6ste bei den jungen gro\u00dfe Aufregung und enormes Lampenfieber aus. Trotzdem konnten sie beim Festzug und auf der B\u00fchne \u00fcberzeugen. Am Ende des Jahres \u00fcbernahm Adolf M\u00fcller das Kommando und Fritz Schwarzw\u00e4lder wurde zu seinem Stellvertreter gew\u00e4hlt.<\/span><\/p>\n<p>&nbsp;<\/p>\n<p class=\"p1\"><span class=\"s1\"><b>75 Jahre Freiwillige Feuerwehr Burgberg<\/b><\/span><\/p>\n<p class=\"p1\"><span class=\"s1\">In den folgenden Jahren wuchs der Spielmannszug und der Bedarf an Instrumenten war gro\u00df. So schaffte man nicht nur Fl\u00f6ten und Trommeln an, hinzu kamen noch eine gro\u00dfe Trommel und eine Lyra, die anfangs gro\u00dfe Probleme bereitete, denn es stellte sich heraus, dass die Lyra nicht so leicht zu spielen war. Vielleicht fehlte es den Jungen auch etwas an Geduld, jedenfalls fand Adolf M\u00fcller f\u00fcr dieses Problem eine L\u00f6sung. Er brachte einfach seine Ehefrau Else mit, die das n\u00f6tige musikalische Verst\u00e4ndnis und die Geduld hatte und schnell lernte. Noch im gleichen Jahr 1976 kamen mehrere M\u00e4dchen hinzu, die den Spielmannszug verst\u00e4rkten, Die nun gemischte Gruppe probte flei\u00dfig, denn der n\u00e4chste gro\u00dfe Auftritt wartete auf sie: Die Freiwillige Feuerwehr Burgberg feierte n\u00e4mlich 1976 ihr 75 j\u00e4hriges Bestehen, das mit einem gro\u00dfen Fest gefeiert werden sollte. Der Kommandant Emil Maier w\u00fcnschte sich aus diesem Anlass den gro\u00dfen &#8222;Zapfenstreich&#8220;, der gemeinsam mit dem MV Buchenberg und dem gemischten Chor aus Mariazell und Burgberg gestaltet wurde. Auch beim Festumzug wirkte der Spielmannszug mit und spielte auf der B\u00fchne.<\/span><\/p>\n<p><img decoding=\"async\" style=\"height:400px\" class=\"aligncenter\" src=\"https:\/\/feuerwehr-burgberg.de\/wp-content\/uploads\/2020\/02\/1972_Gruppenfoto-SZ-scaled.jpg\"><\/p>\n<p style=\"text-align: center;\">Gruppenbild des Spielmannszuges 1976<\/p>\n<p class=\"p1\"><span class=\"s1\"><b>1977 &#8211; erstes Wertungsspiel in Konstanz<\/b><\/span><\/p>\n<p class=\"p1\"><span class=\"s1\">Auch ein Jahr sp\u00e4ter hatte man gro\u00dfe Ambitionen: die Musiker bereiteten sich auf das Wertungsspiel in Konstanz vor, das am 27. August 1977 stattfand. Der Spielmannszug schloss an diesem Tag mit einem 3. Rang ab, welcher nat\u00fcrlich gro\u00dfe Zufriedenheit bei den Burgbergern ausl\u00f6ste.<br>1978 wurden Herbert Hauser und Klaus Lehmann zu den Stellvertretern von Adolf M\u00fcller gew\u00e4hlt.<\/span><\/p>\n<p class=\"p1\"><span class=\"s1\">Neben mehreren Besuchen bei Festen der Umland &#8211; Feuerwehren fuhren die Burgberger zum erstenmal nach Jenesien\/S\u00fcdtirol. Sie folgten einer Einladung von Karlhans Baumstark, der dort regelm\u00e4\u00dfig Urlaub machte und eine nette Feuerwehr fand, die bereit war eine Partnerschaft mit den Burgbergern einzugehen. Man freundete sich schnell an und feierte noch lange mit den neugewonnenen Kameraden. Dies sollte erst der Anfang einer internationalen Freundschaft werden.<br>Und schon waren 10 Jahre wie im Fluge vergangen und der Geburtstag des Spielmannszuges wurde 1979 gemeinsam mit der Jugendfeuerwehr gefeiert, die das gleiche Jubil\u00e4um hatte. Vier Tage wurde aus diesem Anlass gefeiert und musiziert.<br>Noch im gleichen Jahr statteten die S\u00fcdtiroler Kameraden einen mehrt\u00e4gigen Gegenbesuch ab, bei dem kr\u00e4ftig gefeiert wurde und die Kameradschaft im Mittelpunkt stand.<\/span><\/p>\n<p class=\"p1\"><span class=\"s1\">1982 z\u00e4hlte der Spielmannszug 29 Mitglieder und sechs Z\u00f6glinge. Mit dieser Formation starteten die Burgberger in ihr zweites Wertungsspiel das in Weil am Rhein stattfand. Auf der B\u00fchne und im Zug konnten die Burgberger die Jury \u00fcberzeugen und die Goldmedaille in der Klasse B holen. Wieder hatte der Spielmannszug s\u00e4mtlichen Kritikern bewiesen, dass er konkurrenzf\u00e4hig war.<\/span><\/p>\n<p class=\"p1\"><span class=\"s1\">Im gleichen Jahr wurde die Partnerschaft zwischen der Jenesier und der Burgberger Feuerwehr mit einem gro\u00dfen Fest in S\u00fcdtirol gefeiert, zu dem auch der Spielmannszug beitrug. Drei Jahre sp\u00e4ter, im Jahre 1985 fuhren die Spielleute nach Kappelrodeck zum Kritikspiel. Dort konnten sie sich nicht nur von ihren eigenen Leistungen sondern auch von der Qualit\u00e4t anderer Z\u00fcge \u00fcberzeugen. Im August des gleichen Jahres fuhren die Burgberger Spielleute nach Blumberg wo der gro\u00dfe Zapfenstreich anl\u00e4sslich des 110 j\u00e4hrigen Bestehens der Freiwilligen Feuerwehr Blumberg zusammen mit den Blumberger Vereinen gespielt wurde.<\/span><\/p>\n<p><img decoding=\"async\" class=\"aligncenter\" src=\"https:\/\/feuerwehr-burgberg.de\/wp-content\/uploads\/2020\/02\/gruppe82.gif\"><\/p>\n<p style=\"text-align: center;\">Gruppenbild des Spielmannszuges 1982<\/p>\n<p class=\"p1\"><span class=\"s1\"><b>1988 &#8211; Lehrg\u00e4nge und 3. Wertungsspiel in Ettlingen<\/b><\/span><\/p>\n<p class=\"p1\"><span class=\"s1\">Im Jahr 1988 wurden mehrere Jungmusikanten des Spielmannszugs zu D1 und D2 Lehrg\u00e4ngen geschickt, bei denen die Burgberger gut abschnitten. Auch am D3 Lehrgang und an Instrumentallehrg\u00e4ngen nahmen einige teil.<br>Gut ausgebildet meldete sich der Spielmannszug zu seinem dritten Wertungsspiel an, das in Ettlingen abgehalten wurde. Leider erwischten die Burgberger keinen sehr gl\u00fccklichen Tag. Der Vortrag auf der B\u00fchne verlief zwar sehr erfolgreich, auf der Stra\u00dfe bei der Marschformation fanden sie aber nicht ihre gewohnte Form. Dennoch erreichte man eine sehr gute Silbermedaille in der Mittelstufe.<br>Auch eine Silbermedaille muss nat\u00fcrlich ordentlich gefeiert werden und so fuhr die gesamte Mannschaft auf dem R\u00fcckweg noch nach Kiechlingsbergen zum Weinfest. Hier wurde so gesellig und ausgelassen gefeiert, so dass seit diesem Jahr eigentlich kein Kiechlingsberger &#8211; Weinfest ausgelassen wurde und sich der Ausflug in die Rebenlandschaft zu einem festen Programmpunkt entwickelt hat und daraus auch schon viele neue Freundschaften entstanden sind.<\/span><\/p>\n<p class=\"p1\"><span class=\"s1\"><b>1991 &#8211; 90 j\u00e4hriges Jubil\u00e4um FFW Burgberg \/ 20 j\u00e4hriges Jubil\u00e4um Spielmannszug <\/b><\/span><\/p>\n<p class=\"p1\"><span class=\"s1\">Ein weiterer H\u00f6hepunkt f\u00fcr den Spielmannszug war das gro\u00dfe Jubil\u00e4um in Burgberg. Ihr 90 j\u00e4hriges Bestehen feierte die Freiwillige Feuerwehr, die vier Tage zu einem Fest einlud, bei dem auch der Spielmannszug mitwirkte. Auch dieser hatte ein Jubil\u00e4um zu feiern, n\u00e4mlich das 20 j\u00e4hrige Bestehen. So feierte man beide Jubil\u00e4en vom 14.06. &#8211; 17.06.1991 und konnte trotz des schlechten Wetters mit dem Festverlauf einigerma\u00dfen zufrieden sein. Drei Jahre lang (1992 &#8211; 1994) verst\u00e4rkten einige j\u00fcngere Spielleute den Jugendspielmannszug Villingen w\u00e4hrend der Fasnettage. Gemeinsam spielte man mit der gro\u00dfen Katzenmusik bei den Umz\u00fcgen in der Innenstadt und erfuhr viel von der Villinger Fasnettradition. <\/span><\/p>\n<p class=\"p1\"><span class=\"s1\">Im Jahre 1996 feierte der Spielmannszug Burgberg sein 25-j\u00e4hriges Jubil\u00e4um, das am 19.10.1996 in der Turnhalle mit vielen Gast-Spielmannsz\u00fcgen des Kreises gefeiert wurde.<\/span><\/p>\n<p class=\"p1\"><span class=\"s1\">Im darauffolgenden Jahr ist vor allem das Burgstra\u00dfenfest zu nennen, das der Spielmannzug und viele weitere Musikgruppen am 15.06.1997 umrahmte. Au\u00dferdem besuchte der Spielmannszug den Kreisfeuerwehrtag des Kreises Rottweil in Dei\u00dflingen (06.07.), den Kreisfeuerwehrtag in M\u00f6nchweiler (20.07.) und spielte am 29.08.1997 gemeinsam mit dem Musikverein Kappel den &#8222;gro\u00dfen Zapfenstreich&#8220; anl\u00e4sslich des 75 j\u00e4hrigen Bestehens der Freiwilligen Feuerwehr Kappel.<\/span><\/p>\n<p class=\"p1\"><span class=\"s1\">Vom 15.05. &#8211; 16.05.1998 feierte der Gesangverein &#8222;Eintracht&#8220; Burgberg das 75 j\u00e4hrige Jubil\u00e4um in der Gemeindehalle in Weiler. Dazu gratulierte der Spielmannszug und er\u00f6ffnete an beiden Abenden das musikalische Programm. Am 28. Juni 1998 nahm der Spielmannszug neben Feuerwehr und Jugendfeuerwehr am Kreisfeuerwehrtag in Sunthausen teil.<br>Am 19.07.98 beteiligten sich die Burgberger Musikanten am Landesfeuerwehrtag in Freiburg. Diese unterhielten die vielen G\u00e4ste an verschiedenen Pl\u00e4tzen in der Innenstadt und nahmen an der gro\u00dfen Abschlusskundgebung auf dem M\u00fcnsterplatz teil. <\/span><\/p>\n<p class=\"p1\"><span class=\"s1\">Im Jahr 1999 war ein besonderer H\u00f6hepunkt die Feier zur 25. j\u00e4hrigen Eingemeindung von Erdmannsweiler und Burgberg zur Gemeinde K\u00f6nigsfeld. Die Feierlichkeiten in der Bibelschule &#8222;Bergstra\u00dfe&#8220; in Erdmannsweiler wurden vom Spielmannszug und vielen weiteren Vereinen musikalisch umrahmt.<\/span><\/p>\n<p class=\"p1\"><span class=\"s1\">Am 24.-25.Juni 2000 feierte die Gesamtgemeinde K\u00f6nigsfeld das &#8222;silberne&#8220; Jubil\u00e4um. S\u00e4mtliche Vereine, unter anderem auch der Spielmannszug mit Feuerwehr trugen musikalisch und kulinarisch zum Gelingen des Festwochenendes bei.<br>Auch beim gro\u00dfen Festumzug zum Kreiserntedankfestes am 01. Oktober in Weiler waren die Burgberger dabei und spielten anschlie\u00dfend noch auf der Festb\u00fchne auf.<\/span><\/p>\n<p class=\"p1\"><img decoding=\"async\" class=\"aligncenter\" src=\"https:\/\/feuerwehr-burgberg.de\/wp-content\/uploads\/2020\/02\/gruppe2001.gif\"><\/p>\n<p style=\"text-align: center;\">Gruppenbild des Spielmannszuges 2001<\/p>\n<p>&nbsp;<\/p>\n<p><img decoding=\"async\" src=\"https:\/\/feuerwehr-burgberg.de\/wp-content\/uploads\/2020\/02\/2008_Weingarten_gruppe_klein.jpg\"><\/p>\n<p style=\"text-align: center;\">Gruppenbild des Spielmannszuges beim Wertungsspiel in Weingarten 2008<\/p>\n","protected":false},"excerpt":{"rendered":"<p>Chronik von den Anf\u00e4ngen &#8230; bis heute! Gr\u00fcndung: Es war im Jahr 1967, als der damalige Kommandant der Freiwilligen Feuerwehr Burgberg Emil Maier, den Spielmannszug \u00dcberauchen beim Festbankett, anl\u00e4sslich der 25-j\u00e4hrigen Jubil\u00e4ums der Nachbarwehr Erdmannweiler h\u00f6rte. Er muss sehr begeistert<\/p>\n","protected":false},"author":1,"featured_media":0,"parent":0,"menu_order":0,"comment_status":"closed","ping_status":"closed","template":"","meta":{"footnotes":""},"class_list":["post-391","page","type-page","status-publish","hentry"],"_links":{"self":[{"href":"https:\/\/feuerwehr-burgberg.de\/index.php?rest_route=\/wp\/v2\/pages\/391","targetHints":{"allow":["GET"]}}],"collection":[{"href":"https:\/\/feuerwehr-burgberg.de\/index.php?rest_route=\/wp\/v2\/pages"}],"about":[{"href":"https:\/\/feuerwehr-burgberg.de\/index.php?rest_route=\/wp\/v2\/types\/page"}],"author":[{"embeddable":true,"href":"https:\/\/feuerwehr-burgberg.de\/index.php?rest_route=\/wp\/v2\/users\/1"}],"replies":[{"embeddable":true,"href":"https:\/\/feuerwehr-burgberg.de\/index.php?rest_route=%2Fwp%2Fv2%2Fcomments&post=391"}],"version-history":[{"count":1,"href":"https:\/\/feuerwehr-burgberg.de\/index.php?rest_route=\/wp\/v2\/pages\/391\/revisions"}],"predecessor-version":[{"id":553,"href":"https:\/\/feuerwehr-burgberg.de\/index.php?rest_route=\/wp\/v2\/pages\/391\/revisions\/553"}],"wp:attachment":[{"href":"https:\/\/feuerwehr-burgberg.de\/index.php?rest_route=%2Fwp%2Fv2%2Fmedia&parent=391"}],"curies":[{"name":"wp","href":"https:\/\/api.w.org\/{rel}","templated":true}]}}