{"id":502,"date":"2019-03-06T17:16:52","date_gmt":"2019-03-06T17:16:52","guid":{"rendered":"http:\/\/feuerwehr-burgberg.de\/?page_id=502"},"modified":"2020-02-19T21:35:18","modified_gmt":"2020-02-19T20:35:18","slug":"jugendfeuerwehr-facebook","status":"publish","type":"page","link":"https:\/\/feuerwehr-burgberg.de\/?page_id=502","title":{"rendered":"Jugendfeuerwehr"},"content":{"rendered":"\n<p>Unsere Jugendfeuerwehr hatte 2018 ihr 50-j\u00e4hriges Jubil\u00e4um und feierte dies mit der Ausrichtung der Sternfahrt und Delegiertenversammlung der Kreisjugendfeuerwehr Schwarzwald-Baar.<\/p>\n<p style=\"text-align: center;\"><img decoding=\"async\" class=\"aligncenter\" src=\"https:\/\/feuerwehr-burgberg.de\/wp-content\/uploads\/2020\/02\/jfb_logo_50_Jahre.jpg\" width=\"50%\"><\/p>\n<div align=\"center\"><img decoding=\"async\" src=\"https:\/\/feuerwehr-burgberg.de\/wp-content\/uploads\/2020\/02\/2018_Jfb_60_Jahre_Jubilaeum_klein.jpg\" width=\"100%\"><\/div>\n<p>&nbsp;<\/p>\n<p><strong>Proben:<\/strong> <br>Wir Proben freitags von 18 &#8211; 20 Uhr und treffen uns dazu am Rathaus in Burgberg.<\/p>\n<p>&nbsp;<\/p>\n<p><strong>Jugendwart:<\/strong><br>Martin Schwarzw\u00e4lder <br><a href=\"mailto:jugendwart@feuerwehr-burgberg.de\">jugendwart(at)feuerwehr-burgberg.de<\/a><br>Mobil: \u202d+49 174 2777417\u202c<br><br><strong>Stellv. Jugendwart:<\/strong><br>Thomas Hettich<br><a href=\"mailto:stellvertretender-jugendwart@feuerwehr-burgberg.de\">stellvertretender-jugendwart(at)feuerwehr-burgberg.de<\/a><br><br><strong>Betreuer:<\/strong> <br>Benjamin Wei\u00dfer<br>Markus J\u00e4ckle<br>Sebastian Zimmermann<br>Felix Kammerer<\/p>\n<p>&nbsp;<\/p>\n<p><strong>Was wir machen:<\/strong><br>Vermittlung von Feuerwehrwissen und den Umgang mit Feuerwehrger\u00e4ten, klar. <br>Aber nat\u00fcrlich nicht nur das,&nbsp; im Sommer machen wir Wasserschlachten, spielen Fu\u00dfball, grillen zusammen usw., im Winter machen wir Spieleabende, Abende in der Sporthalle in Burgberg, gehen ins Schwimmbad oder auch mal etwas ausgefallenere Sachen.<\/p>\n<p>&nbsp;<\/p>\n<p>Hat Ihr Kind Interesse an der Jugendfeuerwehr?<br>Dann schreiben Sie uns doch einfach eine E-Mail, rufen Sie uns an oder kommen sie einfach zum Reinschnuppern in eine unserer Proben.<br>Wenn Ihr Kind min. 10Jahre alt ist, oder im Laufe des Jahres 10-Jahre alt wird, dann w\u00fcrden wir uns freuen, Sie und Ihr Kind bei uns Begr\u00fc\u00dfen zu d\u00fcrfen.<\/p>\n<p>&nbsp;<\/p>\n","protected":false},"excerpt":{"rendered":"<p>Unsere Jugendfeuerwehr hatte 2018 ihr 50-j\u00e4hriges Jubil\u00e4um und feierte dies mit der Ausrichtung der Sternfahrt und Delegiertenversammlung der Kreisjugendfeuerwehr Schwarzwald-Baar. &nbsp; Proben: Wir Proben freitags von 18 &#8211; 20 Uhr und treffen uns dazu am Rathaus in Burgberg. &nbsp; Jugendwart:Martin<\/p>\n","protected":false},"author":1,"featured_media":0,"parent":0,"menu_order":0,"comment_status":"closed","ping_status":"closed","template":"","meta":{"footnotes":""},"class_list":["post-502","page","type-page","status-publish","hentry"],"_links":{"self":[{"href":"https:\/\/feuerwehr-burgberg.de\/index.php?rest_route=\/wp\/v2\/pages\/502","targetHints":{"allow":["GET"]}}],"collection":[{"href":"https:\/\/feuerwehr-burgberg.de\/index.php?rest_route=\/wp\/v2\/pages"}],"about":[{"href":"https:\/\/feuerwehr-burgberg.de\/index.php?rest_route=\/wp\/v2\/types\/page"}],"author":[{"embeddable":true,"href":"https:\/\/feuerwehr-burgberg.de\/index.php?rest_route=\/wp\/v2\/users\/1"}],"replies":[{"embeddable":true,"href":"https:\/\/feuerwehr-burgberg.de\/index.php?rest_route=%2Fwp%2Fv2%2Fcomments&post=502"}],"version-history":[{"count":3,"href":"https:\/\/feuerwehr-burgberg.de\/index.php?rest_route=\/wp\/v2\/pages\/502\/revisions"}],"predecessor-version":[{"id":562,"href":"https:\/\/feuerwehr-burgberg.de\/index.php?rest_route=\/wp\/v2\/pages\/502\/revisions\/562"}],"wp:attachment":[{"href":"https:\/\/feuerwehr-burgberg.de\/index.php?rest_route=%2Fwp%2Fv2%2Fmedia&parent=502"}],"curies":[{"name":"wp","href":"https:\/\/api.w.org\/{rel}","templated":true}]}}