{"id":57,"date":"2017-01-31T21:38:48","date_gmt":"2017-01-31T20:38:48","guid":{"rendered":"http:\/\/wp.feuerwehr-burgberg.de\/?page_id=57"},"modified":"2023-12-27T12:40:23","modified_gmt":"2023-12-27T11:40:23","slug":"kontakt","status":"publish","type":"page","link":"https:\/\/feuerwehr-burgberg.de\/?page_id=57","title":{"rendered":"Kontakt"},"content":{"rendered":"<p><strong>Kommandant<\/strong><\/p>\n<p>Fabian Vogler<br \/>\nBurgstra\u00dfe 10<br \/>\n78126 K\u00f6nigsfeld &#8211; Burgberg<br \/>\n07725 9143093<br \/>\n<a href=\"mailto:kommandant(at)feuerwehr-burgberg.de\">kommandant(at)feuerwehr-burgberg.de<\/a><\/p>\n<hr \/>\n<p><strong>Stellv. Kommandant<\/strong><\/p>\n<p>Uwe G\u00f6tz<br \/>\n78126 K\u00f6nigsfeld &#8211; Burgberg<br \/>\n<a href=\"mailto:vize(at)feuerwehr-burgberg.de\">vize(at)feuerwehr-burgberg.de<\/a><\/p>\n<hr \/>\n<p><strong>Jugendwart<\/strong><\/p>\n<p>Martin Schwarzw\u00e4lder<br \/>\n78126 K\u00f6nigsfeld &#8211; Erdmannsweiler<br \/>\n<a href=\"mailto:jugendwart(at)feuerwehr-burgberg.de\">jugendwart(at)feuerwehr-burgberg.de<\/a><\/p>\n<hr \/>\n<p><strong>Schriftf\u00fchrer<\/strong><\/p>\n<p>Thomas Hettich<br \/>\n78144 Tennenbronn<br \/>\n<a href=\"schriftfuehrer@feuerwehr-burgberg.de\">schrift(at)feuerwehr-burgberg.de<\/a><\/p>\n<hr \/>\n<p><strong>Kassier<\/strong><\/p>\n<p>Klaus Lehmann<br \/>\n78078 M\u00f6nchweiler<br \/>\n<a href=\"mailto:kasse(at)feuerwehr-burgberg.de\">kasse(at)feuerwehr-burgberg.de<\/a><\/p>\n","protected":false},"excerpt":{"rendered":"<p>Kommandant Fabian Vogler Burgstra\u00dfe 10 78126 K\u00f6nigsfeld &#8211; Burgberg 07725 9143093 kommandant(at)feuerwehr-burgberg.de Stellv. Kommandant Uwe G\u00f6tz 78126 K\u00f6nigsfeld &#8211; Burgberg vize(at)feuerwehr-burgberg.de Jugendwart Martin Schwarzw\u00e4lder 78126 K\u00f6nigsfeld &#8211; Erdmannsweiler jugendwart(at)feuerwehr-burgberg.de Schriftf\u00fchrer Thomas Hettich 78144 Tennenbronn schrift(at)feuerwehr-burgberg.de Kassier Klaus Lehmann 78078 M\u00f6nchweiler<\/p>\n","protected":false},"author":1,"featured_media":0,"parent":0,"menu_order":0,"comment_status":"closed","ping_status":"closed","template":"","meta":{"footnotes":""},"class_list":["post-57","page","type-page","status-publish","hentry"],"_links":{"self":[{"href":"https:\/\/feuerwehr-burgberg.de\/index.php?rest_route=\/wp\/v2\/pages\/57","targetHints":{"allow":["GET"]}}],"collection":[{"href":"https:\/\/feuerwehr-burgberg.de\/index.php?rest_route=\/wp\/v2\/pages"}],"about":[{"href":"https:\/\/feuerwehr-burgberg.de\/index.php?rest_route=\/wp\/v2\/types\/page"}],"author":[{"embeddable":true,"href":"https:\/\/feuerwehr-burgberg.de\/index.php?rest_route=\/wp\/v2\/users\/1"}],"replies":[{"embeddable":true,"href":"https:\/\/feuerwehr-burgberg.de\/index.php?rest_route=%2Fwp%2Fv2%2Fcomments&post=57"}],"version-history":[{"count":6,"href":"https:\/\/feuerwehr-burgberg.de\/index.php?rest_route=\/wp\/v2\/pages\/57\/revisions"}],"predecessor-version":[{"id":614,"href":"https:\/\/feuerwehr-burgberg.de\/index.php?rest_route=\/wp\/v2\/pages\/57\/revisions\/614"}],"wp:attachment":[{"href":"https:\/\/feuerwehr-burgberg.de\/index.php?rest_route=%2Fwp%2Fv2%2Fmedia&parent=57"}],"curies":[{"name":"wp","href":"https:\/\/api.w.org\/{rel}","templated":true}]}}